{"id":5,"date":"2015-11-21T20:24:20","date_gmt":"2015-11-21T19:24:20","guid":{"rendered":"http:\/\/www.janbud.com.pl\/?page_id=5"},"modified":"2021-01-07T12:45:19","modified_gmt":"2021-01-07T11:45:19","slug":"strona-glowna","status":"publish","type":"page","link":"http:\/\/www.janbud.com.pl\/en\/","title":{"rendered":"HOME PAGE"},"content":{"rendered":"<div class=\"wpb-content-wrapper\"><p>[vc_row][vc_column css=&#8221;.vc_custom_1603887901934{padding-right: 0px !important;padding-left: 0px !important;}&#8221; col_shadow=&#8221;box_shadow_enable:disable|shadow_horizontal:0|shadow_vertical:15|shadow_blur:50|shadow_spread:0|box_shadow_color:rgba(0%2C0%2C0%2C0.35)&#8221; col_shadow_hover=&#8221;box_shadow_enable:disable|shadow_horizontal:0|shadow_vertical:15|shadow_blur:50|shadow_spread:0|box_shadow_color:rgba(0%2C0%2C0%2C0.35)&#8221;][vc_single_image image=&#8221;1737&#8243; img_size=&#8221;large&#8221; alignment=&#8221;center&#8221; onclick=&#8221;custom_link&#8221; link=&#8221;http:\/\/www.janbud.com.pl\/dofinansowanie-z-funduszy-europejskich\/&#8221;][\/vc_column][\/vc_row][vc_row][vc_column width=&#8221;2\/3&#8243; css=&#8221;.vc_custom_1449506935072{padding-right: 0px !important;padding-left: 0px !important;}&#8221;]<div id=\"41225188169f25b1f0d382\" class=\"dfd-equal-height-wrapper clearfix  full-width-elements\"><div class=\"ult-new-ib ult-ib-effect-style11 custom ult-ib-resp  \" data-min-width=\"768\" data-max-width=\"900\" style=\"background:#0a0a0a;\" data-opacity=\"1\" data-hover-opacity=\"0.6\" ><img decoding=\"async\" class=\"ult-new-ib-img lazyload\" style=\"--smush-placeholder-width: 800px; --smush-placeholder-aspect-ratio: 800\/442;opacity:1;\" alt=\"\" data-src=\"http:\/\/www.janbud.com.pl\/wp-content\/uploads\/2015\/11\/budownictwo_mieszkaniowe1.jpg\" src=\"data:image\/svg+xml;base64,PHN2ZyB3aWR0aD0iMSIgaGVpZ2h0PSIxIiB4bWxucz0iaHR0cDovL3d3dy53My5vcmcvMjAwMC9zdmciPjwvc3ZnPg==\" \/><div id=\"interactive-banner-wrap-4016\" class=\"ult-new-ib-desc\" style=\"\"><h2 class=\"ult-new-ib-title ult-responsive\"  data-ultimate-target='#interactive-banner-wrap-4016 .ult-new-ib-title'  data-responsive-json-new='{\"font-size\":\"desktop:36px;\",\"line-height\":\"\"}'  style=\"font-family:&#039;Titillium Web&#039;;font-weight:normal;color:#ffffff;\">RESIDENTIAL <strong>CONSTRUCTION<\/strong><\/h2><div class=\"ult-new-ib-content ult-responsive\"  data-ultimate-target='#interactive-banner-wrap-4016 .ult-new-ib-content'  data-responsive-json-new='{\"font-size\":\"desktop:14px;\",\"line-height\":\"\"}'  style=\"font-family:&#039;Lato&#039;;font-weight:300;color:#ffffff;\"><p>QUALITY AND COMFORT<\/p><\/div><\/div><a class=\"ult-new-ib-link\" href=\"\/budownictwo-mieszkaniowe\/\"  ><\/a><\/div><script type=\"text\/javascript\">\r\n\t\t\t(function($){\r\n\t\t\t\t$(document).ready(function(){\r\n\t\t\t\t\t$(\".ult-new-ib\").css(\"opacity\",\"1\");\r\n\t\t\t\t});\r\n\t\t\t})(jQuery);\r\n\t\t\t<\/script><\/div>\t\t\t<script type=\"text\/javascript\">\r\n\t\t\t\t(function($) {\r\n\t\t\t\t\t\"use strict\";\r\n\t\t\t\t\t$(document).ready(function() {\r\n\t\t\t\t\t\tif($('#41225188169f25b1f0d382').hasClass('dfd-align-content-vertically')) {\r\n\t\t\t\t\t\t\t$('#41225188169f25b1f0d382').find('>div').wrapInner('<div class=\"dfd-vertical-aligned\"><\/div>');\r\n\t\t\t\t\t\t}\r\n\t\t\t\t\t});\r\n\t\t\t\t})(jQuery);\r\n\t\t\t<\/script>\r\n            [\/vc_column][vc_column width=&#8221;1\/3&#8243; css=&#8221;.vc_custom_1449506928607{padding-right: 0px !important;padding-left: 0px !important;}&#8221;]<div id=\"101406594769f25b1f0d45b\" class=\"dfd-equal-height-wrapper clearfix  full-width-elements\"><div class=\"ult-new-ib ult-ib-effect-style11 custom ult-ib-resp  \" data-min-width=\"768\" data-max-width=\"900\" style=\"background:#0a0a0a;\" data-opacity=\"1\" data-hover-opacity=\"0.6\" ><img decoding=\"async\" class=\"ult-new-ib-img lazyload\" style=\"--smush-placeholder-width: 380px; --smush-placeholder-aspect-ratio: 380\/420;opacity:1;\" alt=\"\" data-src=\"http:\/\/www.janbud.com.pl\/wp-content\/uploads\/2015\/11\/OFERTA_DLA_PRZEMYSLU1.jpg\" src=\"data:image\/svg+xml;base64,PHN2ZyB3aWR0aD0iMSIgaGVpZ2h0PSIxIiB4bWxucz0iaHR0cDovL3d3dy53My5vcmcvMjAwMC9zdmciPjwvc3ZnPg==\" \/><div id=\"interactive-banner-wrap-4346\" class=\"ult-new-ib-desc\" style=\"\"><h2 class=\"ult-new-ib-title ult-responsive\"  data-ultimate-target='#interactive-banner-wrap-4346 .ult-new-ib-title'  data-responsive-json-new='{\"font-size\":\"desktop:36px;\",\"line-height\":\"\"}'  style=\"font-family:&#039;Titillium Web&#039;;font-weight:normal;color:#ffffff;\"><strong>INDUSTRIAL CONSTRUCTION<\/strong><\/h2><div class=\"ult-new-ib-content ult-responsive\"  data-ultimate-target='#interactive-banner-wrap-4346 .ult-new-ib-content'  data-responsive-json-new='{\"font-size\":\"desktop:14px;\",\"line-height\":\"\"}'  style=\"font-family:&#039;Lato&#039;;font-weight:300;color:#ffffff;\"><p>SPECIAL PURPOSE FACILITIES<\/p><\/div><\/div><a class=\"ult-new-ib-link\" href=\"\/budownictwo-przemyslowe\/\"  ><\/a><\/div><script type=\"text\/javascript\">\r\n\t\t\t(function($){\r\n\t\t\t\t$(document).ready(function(){\r\n\t\t\t\t\t$(\".ult-new-ib\").css(\"opacity\",\"1\");\r\n\t\t\t\t});\r\n\t\t\t})(jQuery);\r\n\t\t\t<\/script><\/div>\t\t\t<script type=\"text\/javascript\">\r\n\t\t\t\t(function($) {\r\n\t\t\t\t\t\"use strict\";\r\n\t\t\t\t\t$(document).ready(function() {\r\n\t\t\t\t\t\tif($('#101406594769f25b1f0d45b').hasClass('dfd-align-content-vertically')) {\r\n\t\t\t\t\t\t\t$('#101406594769f25b1f0d45b').find('>div').wrapInner('<div class=\"dfd-vertical-aligned\"><\/div>');\r\n\t\t\t\t\t\t}\r\n\t\t\t\t\t});\r\n\t\t\t\t})(jQuery);\r\n\t\t\t<\/script>\r\n            [\/vc_column][\/vc_row][vc_row][vc_column width=&#8221;1\/2&#8243; css=&#8221;.vc_custom_1449507242680{padding-top: 0px !important;padding-right: 0px !important;padding-bottom: 0px !important;padding-left: 0px !important;}&#8221;]<div id=\"107316018269f25b1f0d504\" class=\"dfd-equal-height-wrapper clearfix  full-width-elements\"><div class=\"ult-new-ib ult-ib-effect-style11 custom ult-ib-resp  \" data-min-width=\"768\" data-max-width=\"900\" style=\"background:#0a0a0a;\" data-opacity=\"1\" data-hover-opacity=\"0.6\" ><img decoding=\"async\" class=\"ult-new-ib-img lazyload\" style=\"--smush-placeholder-width: 600px; --smush-placeholder-aspect-ratio: 600\/340;opacity:1;\" alt=\"\" data-src=\"http:\/\/www.janbud.com.pl\/wp-content\/uploads\/2015\/11\/budownicttwo_uzytecznosci_publicznej.jpg\" src=\"data:image\/svg+xml;base64,PHN2ZyB3aWR0aD0iMSIgaGVpZ2h0PSIxIiB4bWxucz0iaHR0cDovL3d3dy53My5vcmcvMjAwMC9zdmciPjwvc3ZnPg==\" \/><div id=\"interactive-banner-wrap-7827\" class=\"ult-new-ib-desc\" style=\"\"><h2 class=\"ult-new-ib-title ult-responsive\"  data-ultimate-target='#interactive-banner-wrap-7827 .ult-new-ib-title'  data-responsive-json-new='{\"font-size\":\"desktop:36px;\",\"line-height\":\"\"}'  style=\"font-family:&#039;Titillium Web&#039;;font-weight:normal;color:#ffffff;\">OFFER FOR<strong>LOCAL GOVERNMENTS AND INSTITUTIONS<\/strong><\/h2><div class=\"ult-new-ib-content ult-responsive\"  data-ultimate-target='#interactive-banner-wrap-7827 .ult-new-ib-content'  data-responsive-json-new='{\"font-size\":\"desktop:14px;\",\"line-height\":\"\"}'  style=\"font-family:&#039;Lato&#039;;font-weight:300;color:#ffffff;\"><p>PUBLIC UTILITY BUILDING CONSTRUCTION<\/p><\/div><\/div><a class=\"ult-new-ib-link\" href=\"\/budownictwo-uzytecznosci-publicznej\/\"  ><\/a><\/div><script type=\"text\/javascript\">\r\n\t\t\t(function($){\r\n\t\t\t\t$(document).ready(function(){\r\n\t\t\t\t\t$(\".ult-new-ib\").css(\"opacity\",\"1\");\r\n\t\t\t\t});\r\n\t\t\t})(jQuery);\r\n\t\t\t<\/script><\/div>\t\t\t<script type=\"text\/javascript\">\r\n\t\t\t\t(function($) {\r\n\t\t\t\t\t\"use strict\";\r\n\t\t\t\t\t$(document).ready(function() {\r\n\t\t\t\t\t\tif($('#107316018269f25b1f0d504').hasClass('dfd-align-content-vertically')) {\r\n\t\t\t\t\t\t\t$('#107316018269f25b1f0d504').find('>div').wrapInner('<div class=\"dfd-vertical-aligned\"><\/div>');\r\n\t\t\t\t\t\t}\r\n\t\t\t\t\t});\r\n\t\t\t\t})(jQuery);\r\n\t\t\t<\/script>\r\n            <div id=\"43077274469f25b1f0d59b\" class=\"dfd-equal-height-wrapper clearfix  full-width-elements\"><div class=\"ult-new-ib ult-ib-effect-style11 custom ult-ib-resp  \" data-min-width=\"768\" data-max-width=\"900\" style=\"background:#0a0a0a;\" data-opacity=\"1\" data-hover-opacity=\"0.6\" ><img decoding=\"async\" class=\"ult-new-ib-img lazyload\" style=\"--smush-placeholder-width: 580px; --smush-placeholder-aspect-ratio: 580\/311;opacity:1;\" alt=\"\" data-src=\"http:\/\/www.janbud.com.pl\/wp-content\/uploads\/2015\/11\/inzynieria_ladowa.jpg\" src=\"data:image\/svg+xml;base64,PHN2ZyB3aWR0aD0iMSIgaGVpZ2h0PSIxIiB4bWxucz0iaHR0cDovL3d3dy53My5vcmcvMjAwMC9zdmciPjwvc3ZnPg==\" \/><div id=\"interactive-banner-wrap-9143\" class=\"ult-new-ib-desc\" style=\"\"><h2 class=\"ult-new-ib-title ult-responsive\"  data-ultimate-target='#interactive-banner-wrap-9143 .ult-new-ib-title'  data-responsive-json-new='{\"font-size\":\"desktop:36px;\",\"line-height\":\"\"}'  style=\"font-family:&#039;Titillium Web&#039;;font-weight:normal;color:#ffffff;\"><strong>INFRASTRUCTURAL CONSTRUCTION<\/strong><\/h2><div class=\"ult-new-ib-content ult-responsive\"  data-ultimate-target='#interactive-banner-wrap-9143 .ult-new-ib-content'  data-responsive-json-new='{\"font-size\":\"desktop:14px;\",\"line-height\":\"\"}'  style=\"font-family:&#039;Lato&#039;;font-weight:300;color:#ffffff;\"><p>SPECIALIST CONSTRUCTION<\/p><\/div><\/div><a class=\"ult-new-ib-link\" href=\"\/budownictwo-infrastrukturalne\/\"  ><\/a><\/div><script type=\"text\/javascript\">\r\n\t\t\t(function($){\r\n\t\t\t\t$(document).ready(function(){\r\n\t\t\t\t\t$(\".ult-new-ib\").css(\"opacity\",\"1\");\r\n\t\t\t\t});\r\n\t\t\t})(jQuery);\r\n\t\t\t<\/script><\/div>\t\t\t<script type=\"text\/javascript\">\r\n\t\t\t\t(function($) {\r\n\t\t\t\t\t\"use strict\";\r\n\t\t\t\t\t$(document).ready(function() {\r\n\t\t\t\t\t\tif($('#43077274469f25b1f0d59b').hasClass('dfd-align-content-vertically')) {\r\n\t\t\t\t\t\t\t$('#43077274469f25b1f0d59b').find('>div').wrapInner('<div class=\"dfd-vertical-aligned\"><\/div>');\r\n\t\t\t\t\t\t}\r\n\t\t\t\t\t});\r\n\t\t\t\t})(jQuery);\r\n\t\t\t<\/script>\r\n            [\/vc_column][vc_column width=&#8221;1\/2&#8243; css=&#8221;.vc_custom_1449506952321{padding-right: 0px !important;padding-left: 0px !important;}&#8221;]<div id=\"139384510869f25b1f0d632\" class=\"dfd-equal-height-wrapper clearfix  full-width-elements\"><div class=\"ult-new-ib ult-ib-effect-style11 custom ult-ib-resp  \" data-min-width=\"768\" data-max-width=\"900\" style=\"background:#0a0a0a;\" data-opacity=\"1\" data-hover-opacity=\"0.6\" ><img decoding=\"async\" class=\"ult-new-ib-img lazyload\" style=\"--smush-placeholder-width: 580px; --smush-placeholder-aspect-ratio: 580\/640;opacity:1;\" alt=\"\" data-src=\"http:\/\/www.janbud.com.pl\/wp-content\/uploads\/2015\/11\/budownictow_komercyjne.jpg\" src=\"data:image\/svg+xml;base64,PHN2ZyB3aWR0aD0iMSIgaGVpZ2h0PSIxIiB4bWxucz0iaHR0cDovL3d3dy53My5vcmcvMjAwMC9zdmciPjwvc3ZnPg==\" \/><div id=\"interactive-banner-wrap-8121\" class=\"ult-new-ib-desc\" style=\"\"><h2 class=\"ult-new-ib-title ult-responsive\"  data-ultimate-target='#interactive-banner-wrap-8121 .ult-new-ib-title'  data-responsive-json-new='{\"font-size\":\"desktop:36px;\",\"line-height\":\"\"}'  style=\"font-family:&#039;Titillium Web&#039;;font-weight:normal;color:#ffffff;\"><strong>COMMERCIAL<\/strong> CONSTRUCTION<\/h2><div class=\"ult-new-ib-content ult-responsive\"  data-ultimate-target='#interactive-banner-wrap-8121 .ult-new-ib-content'  data-responsive-json-new='{\"font-size\":\"desktop:14px;\",\"line-height\":\"\"}'  style=\"font-family:&#039;Lato&#039;;font-weight:300;color:#ffffff;\"><p>RETAIL AND SERVICE SPACE<\/p><\/div><\/div><a class=\"ult-new-ib-link\" href=\"\/budownictwo-komercyjne\/\"  ><\/a><\/div><script type=\"text\/javascript\">\r\n\t\t\t(function($){\r\n\t\t\t\t$(document).ready(function(){\r\n\t\t\t\t\t$(\".ult-new-ib\").css(\"opacity\",\"1\");\r\n\t\t\t\t});\r\n\t\t\t})(jQuery);\r\n\t\t\t<\/script><\/div>\t\t\t<script type=\"text\/javascript\">\r\n\t\t\t\t(function($) {\r\n\t\t\t\t\t\"use strict\";\r\n\t\t\t\t\t$(document).ready(function() {\r\n\t\t\t\t\t\tif($('#139384510869f25b1f0d632').hasClass('dfd-align-content-vertically')) {\r\n\t\t\t\t\t\t\t$('#139384510869f25b1f0d632').find('>div').wrapInner('<div class=\"dfd-vertical-aligned\"><\/div>');\r\n\t\t\t\t\t\t}\r\n\t\t\t\t\t});\r\n\t\t\t\t})(jQuery);\r\n\t\t\t<\/script>\r\n            [\/vc_column][\/vc_row][vc_row force_equal_height_columns=&#8221;main_row&#8221; css=&#8221;.vc_custom_1455223282843{padding-right: 0px !important;}&#8221;][vc_column width=&#8221;1\/3&#8243; css=&#8221;.vc_custom_1457337457319{padding-top: 0px !important;padding-right: 0px !important;padding-bottom: 0px !important;padding-left: 0px !important;background: #ff0000 url(http:\/\/www.janbud.com.pl\/wp-content\/uploads\/2015\/11\/bg-catalog.png?id=1446) !important;background-position: 0 0 !important;background-repeat: no-repeat !important;}&#8221;][vc_row_inner css=&#8221;.vc_custom_1457336290332{padding-top: 50px !important;padding-left: 50px !important;}&#8221;][vc_column_inner][vc_column_text]<\/p>\n<h3><span style=\"color: #ffffff; font-weight: 300;\">DOWNLOAD<\/span><span style=\"color: #ffffff;\"><strong><br \/>\nOUR OFFER<\/strong><\/span><\/h3>\n<p>[\/vc_column_text][vc_icon type=&#8221;typicons&#8221; icon_typicons=&#8221;typcn typcn-arrow-down&#8221; color=&#8221;white&#8221; size=&#8221;xl&#8221; link=&#8221;url:http%3A%2F%2Fwww.janbud.com.pl%2Fwp-content%2Fuploads%2F2015%2F12%2FJANBUD_katalog.pdf||target:%20_blank|&#8221;][\/vc_column_inner][\/vc_row_inner][\/vc_column][vc_column width=&#8221;2\/3&#8243; css=&#8221;.vc_custom_1455223438654{padding-top: 0px !important;padding-right: 0px !important;padding-bottom: 0px !important;background-color: #f4f4f4 !important;}&#8221;][vc_row_inner][vc_column_inner css=&#8221;.vc_custom_1449507112812{padding-top: 25px !important;padding-right: 25px !important;padding-bottom: 25px !important;padding-left: 25px !important;}&#8221;][vc_column_text]<\/p>\n<h5>OUR NEWS<\/h5>\n<p>[\/vc_column_text][vc_empty_space height=&#8221;25px&#8221;]<div id=\"blog-posts-69f25b1f0d6d1\" class=\"dfd-blog-module   blog_masonry \"  data-masonry-layout=\"fitRows\" ><div class=\"posts-list hide_date hide_author hide_category \"><div class=\"post-1899 post type-post status-publish format-standard has-post-thumbnail hentry category-aktualne-inwestycje \" data-category=\" aktualne-inwestycje\"><div class=\"entry-media\"><div class=\"entry-thumb\"><img decoding=\"async\" data-src=\"http:\/\/www.janbud.com.pl\/wp-content\/uploads\/2022\/11\/OSIEDLE-PARK-KRZYCKI-WROCLAWA-450x253.jpg\" alt=\"(Polski) Osiedle Park Krzycki ul. Skarbowc\u00f3w we Wroc\u0142awiu\" src=\"data:image\/svg+xml;base64,PHN2ZyB3aWR0aD0iMSIgaGVpZ2h0PSIxIiB4bWxucz0iaHR0cDovL3d3dy53My5vcmcvMjAwMC9zdmciPjwvc3ZnPg==\" class=\"lazyload\" style=\"--smush-placeholder-width: 450px; --smush-placeholder-aspect-ratio: 450\/253;\" \/><\/div><\/div><div class=\"title-wrap\"><div class=\"block-title\" style=\"font-family:'Titillium Web';font-weight:normal;font-size:21px;\"><a href=\"http:\/\/www.janbud.com.pl\/en\/osiedle-park-krzycki-ul-skarbowcow-we-wroclawiu\/\">(Polski) Osiedle Park Krzycki ul. Skarbowc\u00f3w we Wroc\u0142awiu<\/a><\/div><div class=\"entry-meta meta-bottom\">\r\n\t<span class=\"entry-date\">Monday February 26th, 2024<\/span>\t<span class=\"before-author\">by<\/span>\r\n\t<span class=\"byline author vcard\">\r\n\t<a href=\"http:\/\/www.janbud.com.pl\/en\/author\/ta-bybr3x3o\/\" rel=\"author\" class=\"fn\">\r\n\t\tAdmin\t<\/a>\r\n<\/span>\t<span class=\"before-category\">in<\/span>\r\n\t\t<span class=\"byline category\">\r\n\t\t<a href=\"http:\/\/www.janbud.com.pl\/en\/kategorie\/aktualne-inwestycje\/\" class=\"fn\">\r\n\t\t\t<span class=\"cat-name\">CURRENT INVESTMENTS<\/span>\r\n\t\t<\/a>\r\n\t<\/span>\r\n\t<\/div><\/div><div class=\"entry-content\"><p>Sorry, this entry is only available in Polski.<\/p><a href=\"http:\/\/www.janbud.com.pl\/en\/osiedle-park-krzycki-ul-skarbowcow-we-wroclawiu\/\" class=\"more-button slide-up\" data-lang=\"en\" title=\"Read more\">Continue<\/a><div class=\"entry-meta right\"><span class=\"entry-comments\">\r\n\t<a href=\"http:\/\/www.janbud.com.pl\/en\/osiedle-park-krzycki-ul-skarbowcow-we-wroclawiu\/#comments\" rel=\"author\" class=\"fn\">\r\n\t\t<span>0<\/span><span class=\"comments-title\">&nbsp;Comments<\/span>\r\n\t<\/a>\r\n<\/span><\/div><\/div><\/div><div class=\"post-1903 post type-post status-publish format-standard has-post-thumbnail hentry category-aktualne-inwestycje \" data-category=\" aktualne-inwestycje\"><div class=\"entry-media\"><div class=\"entry-thumb\"><img decoding=\"async\" data-src=\"http:\/\/www.janbud.com.pl\/wp-content\/uploads\/2023\/09\/DJI_0786-450x253.jpg\" alt=\"(Polski) Budynek mieszkalny &#8211; Pl. \u0141u\u017cycki 1 w \u017barach\" src=\"data:image\/svg+xml;base64,PHN2ZyB3aWR0aD0iMSIgaGVpZ2h0PSIxIiB4bWxucz0iaHR0cDovL3d3dy53My5vcmcvMjAwMC9zdmciPjwvc3ZnPg==\" class=\"lazyload\" style=\"--smush-placeholder-width: 450px; --smush-placeholder-aspect-ratio: 450\/253;\" \/><\/div><\/div><div class=\"title-wrap\"><div class=\"block-title\" style=\"font-family:'Titillium Web';font-weight:normal;font-size:21px;\"><a href=\"http:\/\/www.janbud.com.pl\/en\/budynek-mieszkalny-pl-luzycki-1-w-zarach\/\">(Polski) Budynek mieszkalny &#8211; Pl. \u0141u\u017cycki 1 w \u017barach<\/a><\/div><div class=\"entry-meta meta-bottom\">\r\n\t<span class=\"entry-date\">Friday February  9th, 2024<\/span>\t<span class=\"before-author\">by<\/span>\r\n\t<span class=\"byline author vcard\">\r\n\t<a href=\"http:\/\/www.janbud.com.pl\/en\/author\/ta-bybr3x3o\/\" rel=\"author\" class=\"fn\">\r\n\t\tAdmin\t<\/a>\r\n<\/span>\t<span class=\"before-category\">in<\/span>\r\n\t\t<span class=\"byline category\">\r\n\t\t<a href=\"http:\/\/www.janbud.com.pl\/en\/kategorie\/aktualne-inwestycje\/\" class=\"fn\">\r\n\t\t\t<span class=\"cat-name\">CURRENT INVESTMENTS<\/span>\r\n\t\t<\/a>\r\n\t<\/span>\r\n\t<\/div><\/div><div class=\"entry-content\"><p>Sorry, this entry is only available in Polski.<\/p><a href=\"http:\/\/www.janbud.com.pl\/en\/budynek-mieszkalny-pl-luzycki-1-w-zarach\/\" class=\"more-button slide-up\" data-lang=\"en\" title=\"Read more\">Continue<\/a><div class=\"entry-meta right\"><span class=\"entry-comments\">\r\n\t<a href=\"http:\/\/www.janbud.com.pl\/en\/budynek-mieszkalny-pl-luzycki-1-w-zarach\/#comments\" rel=\"author\" class=\"fn\">\r\n\t\t<span>0<\/span><span class=\"comments-title\">&nbsp;Comments<\/span>\r\n\t<\/a>\r\n<\/span><\/div><\/div><\/div><\/div><div class=\"posts-list-hidden\"><\/div><\/div>[\/vc_column_inner][\/vc_row_inner][\/vc_column][\/vc_row]<\/p>\n<\/div>","protected":false},"excerpt":{"rendered":"<p>[vc_row][vc_column css=&#8221;.vc_custom_1603887901934{padding-right: 0px !important;padding-left: 0px !important;}&#8221; col_shadow=&#8221;box_shadow_enable:disable|shadow_horizontal:0|shadow_vertical:15|shadow_blur:50|shadow_spread:0|box_shadow_color:rgba(0%2C0%2C0%2C0.35)&#8221; col_shadow_hover=&#8221;box_shadow_enable:disable|shadow_horizontal:0|shadow_vertical:15|shadow_blur:50|shadow_spread:0|box_shadow_color:rgba(0%2C0%2C0%2C0.35)&#8221;][vc_single_image image=&#8221;1737&#8243; img_size=&#8221;large&#8221; alignment=&#8221;center&#8221; onclick=&#8221;custom_link&#8221; link=&#8221;http:\/\/www.janbud.com.pl\/dofinansowanie-z-funduszy-europejskich\/&#8221;][\/vc_column][\/vc_row][vc_row][vc_column width=&#8221;2\/3&#8243; css=&#8221;.vc_custom_1449506935072{padding-right: 0px !important;padding-left: 0px !important;}&#8221;][\/vc_column][vc_column width=&#8221;1\/3&#8243; css=&#8221;.vc_custom_1449506928607{padding-right: 0px !important;padding-left: 0px !important;}&#8221;][\/vc_column][\/vc_row][vc_row][vc_column width=&#8221;1\/2&#8243; css=&#8221;.vc_custom_1449507242680{padding-top: 0px !important;padding-right: 0px<\/p>\n","protected":false},"author":1,"featured_media":0,"parent":0,"menu_order":0,"comment_status":"closed","ping_status":"closed","template":"","meta":{"_acf_changed":false,"footnotes":""},"class_list":["post-5","page","type-page","status-publish","hentry"],"acf":[],"_links":{"self":[{"href":"http:\/\/www.janbud.com.pl\/en\/wp-json\/wp\/v2\/pages\/5","targetHints":{"allow":["GET"]}}],"collection":[{"href":"http:\/\/www.janbud.com.pl\/en\/wp-json\/wp\/v2\/pages"}],"about":[{"href":"http:\/\/www.janbud.com.pl\/en\/wp-json\/wp\/v2\/types\/page"}],"author":[{"embeddable":true,"href":"http:\/\/www.janbud.com.pl\/en\/wp-json\/wp\/v2\/users\/1"}],"replies":[{"embeddable":true,"href":"http:\/\/www.janbud.com.pl\/en\/wp-json\/wp\/v2\/comments?post=5"}],"version-history":[{"count":133,"href":"http:\/\/www.janbud.com.pl\/en\/wp-json\/wp\/v2\/pages\/5\/revisions"}],"predecessor-version":[{"id":1775,"href":"http:\/\/www.janbud.com.pl\/en\/wp-json\/wp\/v2\/pages\/5\/revisions\/1775"}],"wp:attachment":[{"href":"http:\/\/www.janbud.com.pl\/en\/wp-json\/wp\/v2\/media?parent=5"}],"curies":[{"name":"wp","href":"https:\/\/api.w.org\/{rel}","templated":true}]}}