{"id":369,"date":"2015-12-06T19:18:21","date_gmt":"2015-12-06T18:18:21","guid":{"rendered":"http:\/\/www.janbud.com.pl\/?page_id=369"},"modified":"2021-01-07T15:00:30","modified_gmt":"2021-01-07T14:00:30","slug":"misjawizja-i-wartosci","status":"publish","type":"page","link":"http:\/\/www.janbud.com.pl\/de\/misjawizja-i-wartosci\/","title":{"rendered":"MISJA,WIZJA I WARTO\u015aCI"},"content":{"rendered":"<div class=\"wpb-content-wrapper\"><p>[vc_row][vc_column][vc_row_inner][vc_column_inner width=&#8220;1\/2&#8243; css=&#8220;.vc_custom_1450346752263{padding-top: 0px !important;padding-right: 0px !important;padding-bottom: 0px !important;padding-left: 0px !important;}&#8220;][vc_single_image image=&#8220;1103&#8243; img_size=&#8220;full&#8220; item_animation=&#8220;transition.slideLeftIn&#8220;][\/vc_column_inner][vc_column_inner width=&#8220;1\/2&#8243; css=&#8220;.vc_custom_1450346306516{padding-left: 50px !important;}&#8220;][vc_column_text]<\/p>\n<h3><span style=\"color: #ff0000;\">MISSION UND VISION<\/span><\/h3>\n<p>[\/vc_column_text][vc_column_text]<strong>Unsere Mission ist, komplexe Baudienstleistungen auf dem h\u00f6chsten Niveau anzubieten. Unsere Arbeit basiert auf Redlichkeit, Termineinhaltung sowie auf der partnerschaftlichen Einstellung zur Zusammenarbeit mit den Kunden und Kontrahenten.<\/strong><\/p>\n<p>Jedes, sogar das kleinste von uns realisierte Projekt wird gem\u00e4\u00df den Grunds\u00e4tzen der Baukunst ausgef\u00fchrt. Die von uns geleisteten Dienste sind mit den gesetzlichen Vorschriften sowie mit dem Vertrag \u00fcbereinstimmend, der mit dem Bauherr abgeschlossen wurde.\u00a0Das h\u00f6chste Niveau an Dienstleistungen wird durch das erfahrene Personal mit dem umfassenden baulichen und technischen Wissen garantiert.<\/p>\n<p>[\/vc_column_text][\/vc_column_inner][\/vc_row_inner][\/vc_column][\/vc_row][vc_row][vc_column width=&#8220;1\/2&#8243; css=&#8220;.vc_custom_1450346717264{padding-top: 0px !important;padding-right: 0px !important;padding-bottom: 0px !important;padding-left: 0px !important;}&#8220;][vc_empty_space height=&#8220;30px&#8220;][vc_column_text css=&#8220;.vc_custom_1450348289880{padding-top: 25px !important;padding-right: 35px !important;padding-bottom: 25px !important;padding-left: 25px !important;}&#8220;]<\/p>\n<p>[\/vc_column_text][\/vc_column][vc_column width=&#8220;1\/4&#8243; css=&#8220;.vc_custom_1450440777017{padding-top: 0px !important;padding-right: 0px !important;padding-bottom: 0px !important;padding-left: 0px !important;}&#8220; offset=&#8220;vc_hidden-sm vc_hidden-xs&#8220;][vc_single_image image=&#8220;1109&#8243; img_size=&#8220;full&#8220; item_animation=&#8220;transition.slideRightIn&#8220;][\/vc_column][vc_column width=&#8220;1\/4&#8243; css=&#8220;.vc_custom_1450440787480{padding-top: 0px !important;padding-right: 0px !important;padding-bottom: 0px !important;padding-left: 0px !important;}&#8220; offset=&#8220;vc_hidden-sm vc_hidden-xs&#8220;][vc_single_image image=&#8220;1116&#8243; img_size=&#8220;full&#8220; item_animation=&#8220;transition.slideUpIn&#8220;][\/vc_column][\/vc_row][vc_row][vc_column width=&#8220;1\/4&#8243; offset=&#8220;vc_hidden-sm vc_hidden-xs&#8220;][\/vc_column][vc_column width=&#8220;1\/4&#8243; css=&#8220;.vc_custom_1450440797249{padding-top: 0px !important;padding-right: 0px !important;padding-bottom: 0px !important;padding-left: 0px !important;}&#8220; offset=&#8220;vc_hidden-sm vc_hidden-xs&#8220;][vc_single_image image=&#8220;1118&#8243; img_size=&#8220;full&#8220; item_animation=&#8220;transition.slideUpIn&#8220;][\/vc_column][vc_column width=&#8220;1\/2&#8243; css=&#8220;.vc_custom_1450348059229{padding-top: 25px !important;padding-right: 25px !important;padding-bottom: 25px !important;padding-left: 25px !important;}&#8220;][vc_column_text css=&#8220;.vc_custom_1452176879689{padding-top: 25px !important;padding-right: 25px !important;padding-bottom: 25px !important;padding-left: 25px !important;}&#8220;]<\/p>\n<p><strong>Wir streben danach, die Stellung des F\u00fchrers in der Baubranche zu erreichen, die f\u00fcr die Redlichkeit und Termineinhaltung gesch\u00e4tzt wird.<\/strong><\/p>\n<ul>\n<li><strong>QUALIT\u00c4T<\/strong> &#8211; alle von uns realisierten Arbeiten werden aus den Baumaterialien von h\u00f6chster Qualit\u00e4t ausgef\u00fchrt, dank denen das Endergebnis jeden Bauherr befriedigen wird.<\/li>\n<li><strong>ATTRAKTIVES ANGEBOT<\/strong> \u2013 die von uns angebotenen Dienste werden an verschiedene Zielgruppen gerichtet, deshalb unser Angebot auf : den Wohnungsbau, den Industriebau, \u00d6ffentliche Geb\u00e4uden, den Kommerziellen Bau oder die Infrastruktur geteilt wurde.<\/li>\n<li><strong>NEUE M\u00d6GLICHKEITEN<\/strong> &#8211; die Gesellschaft verf\u00fcgt \u00fcber moderne Bauger\u00e4te, \u00fcber die Bautransportmittel und technische Transportmittel sowie fachliche technische Mittel.<\/li>\n<li><strong>SICHERHEIT<\/strong> &#8211; unsere Partner, die mit uns zusammenarbeiten, brauchen sich keine Sorgen um die Termine und die Ausf\u00fchrungsqualit\u00e4t zu machen. Unsere Arbeiten f\u00fchren wir solide und unter Einhaltung der festgelegten Termine aus.<\/li>\n<li><strong>FERTIGKEITEN<\/strong> \u2013 wir verf\u00fcgen \u00fcber ein breit ausgebildetes Personal, mit langj\u00e4hriger Erfahrung in der Branche sowie mit den Baumarktkenntnissen.<\/li>\n<li><strong>ERFAHRUNG<\/strong> \u2013 wir sind auf dem Baumarkt schon \u00fcber 23 Jahre t\u00e4tig und unsere Arbeiten werden sowohl in Polen, als auch in Deutschland realisiert. Wir sind im Besitz von vielen Zertifikaten und Referenzen.<\/li>\n<\/ul>\n<p><strong>Wir sichern eine professionelle, solide und termingem\u00e4\u00dfe Durchf\u00fchrung der Auftr\u00e4ge mit einer Garantie der h\u00f6chsten Qualit\u00e4t. Wir m\u00f6chten, dass die Baugesellschaft \u201eJANBUD\u201c zu einem Synonym f\u00fcr die Professionalit\u00e4t, Redlichkeit und Garantie der ordnungsgem\u00e4\u00dfen Durchf\u00fchrung der Investition wird.<\/strong><br \/>\n[\/vc_column_text][\/vc_column][\/vc_row][vc_row][vc_column][\/vc_column][\/vc_row]<\/p>\n<\/div>","protected":false},"excerpt":{"rendered":"<p>[vc_row][vc_column][vc_row_inner][vc_column_inner width=&#8220;1\/2&#8243; css=&#8220;.vc_custom_1450346752263{padding-top: 0px !important;padding-right: 0px !important;padding-bottom: 0px !important;padding-left: 0px !important;}&#8220;][vc_single_image image=&#8220;1103&#8243; img_size=&#8220;full&#8220; item_animation=&#8220;transition.slideLeftIn&#8220;][\/vc_column_inner][vc_column_inner width=&#8220;1\/2&#8243; css=&#8220;.vc_custom_1450346306516{padding-left: 50px !important;}&#8220;][vc_column_text] MISSION UND VISION [\/vc_column_text][vc_column_text]Unsere Mission ist, komplexe Baudienstleistungen auf dem h\u00f6chsten Niveau<\/p>\n","protected":false},"author":1,"featured_media":0,"parent":0,"menu_order":0,"comment_status":"closed","ping_status":"closed","template":"","meta":{"_acf_changed":false,"footnotes":""},"class_list":["post-369","page","type-page","status-publish","hentry"],"acf":[],"_links":{"self":[{"href":"http:\/\/www.janbud.com.pl\/de\/wp-json\/wp\/v2\/pages\/369","targetHints":{"allow":["GET"]}}],"collection":[{"href":"http:\/\/www.janbud.com.pl\/de\/wp-json\/wp\/v2\/pages"}],"about":[{"href":"http:\/\/www.janbud.com.pl\/de\/wp-json\/wp\/v2\/types\/page"}],"author":[{"embeddable":true,"href":"http:\/\/www.janbud.com.pl\/de\/wp-json\/wp\/v2\/users\/1"}],"replies":[{"embeddable":true,"href":"http:\/\/www.janbud.com.pl\/de\/wp-json\/wp\/v2\/comments?post=369"}],"version-history":[{"count":46,"href":"http:\/\/www.janbud.com.pl\/de\/wp-json\/wp\/v2\/pages\/369\/revisions"}],"predecessor-version":[{"id":1795,"href":"http:\/\/www.janbud.com.pl\/de\/wp-json\/wp\/v2\/pages\/369\/revisions\/1795"}],"wp:attachment":[{"href":"http:\/\/www.janbud.com.pl\/de\/wp-json\/wp\/v2\/media?parent=369"}],"curies":[{"name":"wp","href":"https:\/\/api.w.org\/{rel}","templated":true}]}}