{"id":179,"date":"2015-11-26T18:03:00","date_gmt":"2015-11-26T17:03:00","guid":{"rendered":"http:\/\/www.janbud.com.pl\/?page_id=179"},"modified":"2021-01-07T14:45:29","modified_gmt":"2021-01-07T13:45:29","slug":"budownictwo-przemyslowe","status":"publish","type":"page","link":"http:\/\/www.janbud.com.pl\/de\/budownictwo-przemyslowe\/","title":{"rendered":"BUDOWNICTWO PRZEMYS\u0141OWE"},"content":{"rendered":"<div class=\"wpb-content-wrapper\"><p>[vc_row bg_type=&#8220;video&#8220; video_url=&#8220;\/wp-content\/uploads\/2015\/12\/Janbud_Budownictwo_Przemyslowe_1.mp4&#8243; video_opts=&#8220;loop&#8220; viewport_vdo=&#8220;viewport_play&#8220; bg_override=&#8220;full&#8220;][vc_column offset=&#8220;vc_hidden-sm vc_hidden-xs&#8220;][vc_row_inner css=&#8220;.vc_custom_1449220400672{padding-top: 200px !important;padding-bottom: 200px !important;}&#8220;][vc_column_inner]<div id=\"ultimate-heading69e759ac2887a\" class=\"uvc-heading dfd-delim-top   heading-config-top dfd-enable-resposive-headings\"  data-hspacer=\"no_spacer\"  data-halign=\"center\" style=\"text-align:center\"><div class=\"uvc-heading-spacer no_spacer\" style=\"\"><\/div><h3 class=\"widget-title uvc-main-heading\" style=\"font-family:'Titillium Web';font-weight:normal;font-size:36px;color:#ffffff;line-height:42px;letter-spacing:1px;\"><strong>INDUSTRIEBAU<\/strong><\/h3><h4 class=\"widget-sub-title uvc-sub-heading\" style=\"font-family:'Lato';font-weight:normal;font-size:18px;color:#ffffff;line-height:36px;letter-spacing:1px;\">GEB\u00c4UDEN DER SONDERBESTIMMUNG<\/h4><\/div><div class=\" ubtn-ctn-center \"><button type=\"button\" id=\"ubtn-8222\"  class=\"ubtn ult-adjust-bottom-margin ult-responsive ubtn-large ubtn-no-hover-bg  ulta-hang  ubtn-sep-icon ubtn-sep-icon-at-left  ubtn-center  ubtn-only-icon   tooltip-69e759ac28896 ubtn-tooltip top\" data-toggle=\"tooltip\" data-placement=\"top\" title=\"Poznaj nasz\u0105 ofert\u0119\" data-hover=\"\" data-border-color=\"\" data-bg=\"#e0e0e0\" data-hover-bg=\"\" data-border-hover=\"\" data-shadow-hover=\"\" data-shadow-click=\"none\" data-shadow=\"\" data-shd-shadow=\"\"  data-ultimate-target='#ubtn-8222'  data-responsive-json-new='{\"font-size\":\"\",\"line-height\":\"\"}'  style=\"font-weight:normal;border:none;background: #e0e0e0;color: #ffffff;\"><span class=\"ubtn-data ubtn-icon\"><i class=\"dfd-icon-down_2\" style=\"font-size:21px;color:#ffffff;\"><\/i><\/span><span class=\"ubtn-hover\" style=\"background-color:\"><\/span><span class=\"ubtn-data ubtn-text \" ><\/span><\/button><\/div><script>\r\n\t\t\t\t\tjQuery(function () {\r\n\t\t\t\t\t\tjQuery(\".tooltip-69e759ac28896\").bsf_tooltip();\r\n\t\t\t\t\t})\r\n\t\t\t\t<\/script>[\/vc_column_inner][\/vc_row_inner][\/vc_column][\/vc_row][vc_row anchor=&#8220;oferta-budownictwo-mieszkaniowe&#8220; fadeout_row=&#8220;off&#8220; ult_hide_row=&#8220;off&#8220; css=&#8220;.vc_custom_1449302613650{margin-top: 0px !important;margin-bottom: 0px !important;}&#8220;][vc_column width=&#8220;1\/4&#8243; css=&#8220;.vc_custom_1449222363822{padding-right: 0px !important;padding-left: 0px !important;}&#8220;][vc_single_image image=&#8220;260&#8243; img_size=&#8220;full&#8220; alignment=&#8220;center&#8220; item_animation=&#8220;transition.slideLeftIn&#8220;][vc_column_text css=&#8220;.vc_custom_1450443452497{padding-top: 25px !important;padding-right: 25px !important;padding-bottom: 25px !important;padding-left: 25px !important;}&#8220;]<\/p>\n<h5>LANGJ\u00c4HRIGE ERFAHRUNG<\/h5>\n<p>Die Gruppe Janbud ist auf dem Baumarkt schon \u00fcber 23 Jahre t\u00e4tig. W\u00e4hrend dieser Zeit hat sie viele Arbeiten sowohl auf dem polnischen, als auch auf dem deutschen Markt realisiert, die sich durch die hohe Ausf\u00fchrungsqualit\u00e4t sowie die komfortable Nutzung auszeichnen.[\/vc_column_text][\/vc_column][vc_column width=&#8220;1\/2&#8243; css=&#8220;.vc_custom_1449222765872{padding-top: 0px !important;padding-right: 0px !important;padding-bottom: 0px !important;padding-left: 0px !important;}&#8220;][vc_empty_space height=&#8220;33px&#8220;][vc_column_text css=&#8220;.vc_custom_1450443462448{padding-top: 25px !important;padding-right: 25px !important;padding-bottom: 25px !important;padding-left: 25px !important;}&#8220;]<\/p>\n<h5>QUALIT\u00c4TSGARANTIE<\/h5>\n<p>Die Bauarbeiten werden von uns in Anlehnung an die Baumaterialien von h\u00f6chster Qualit\u00e4t ausgef\u00fchrt, die dank ihren speziellen Eigenschaften , angepasst an die gegebene Konstruktion \u00a0erlauben, komfortabel jahrelang das Geb\u00e4ude zu nutzen.[\/vc_column_text][vc_single_image image=&#8220;356&#8243; img_size=&#8220;full&#8220; item_animation=&#8220;transition.slideDownIn&#8220;][\/vc_column][vc_column width=&#8220;1\/4&#8243; css=&#8220;.vc_custom_1449226290399{padding-top: 0px !important;padding-right: 0px !important;padding-bottom: 0px !important;padding-left: 0px !important;}&#8220;][vc_empty_space height=&#8220;66px&#8220;][vc_single_image image=&#8220;358&#8243; img_size=&#8220;full&#8220; item_animation=&#8220;transition.slideRightIn&#8220;][vc_column_text css=&#8220;.vc_custom_1450179661191{padding-top: 25px !important;padding-right: 25px !important;padding-bottom: 25px !important;padding-left: 25px !important;}&#8220;]<\/p>\n<h5>TERMINEINHALTUNG DER AUSF\u00dcHRUNG<\/h5>\n<p>Dank dem Gebrauch von bew\u00e4hrten Baumaterialien sowie dem umfangreichen Wissen und der Ausf\u00fchrungssorgfalt, \u00fcbergeben wir unsere Geb\u00e4uden zur Nutzung ohne Bef\u00fcrchtungen und mit der Garantie \u00a0der komfortablen Nutzung durch lange Jahre.[\/vc_column_text][\/vc_column][\/vc_row][vc_row bg_type=&#8220;bg_color&#8220; bg_override=&#8220;ex-full&#8220; css=&#8220;.vc_custom_1449307603818{margin-top: 0px !important;}&#8220;][vc_column width=&#8220;2\/3&#8243; css=&#8220;.vc_custom_1449250098477{padding-top: 0px !important;padding-right: 0px !important;padding-bottom: 0px !important;padding-left: 0px !important;}&#8220;][vc_column_text css=&#8220;.vc_custom_1450443608330{padding-top: 50px !important;padding-right: 50px !important;padding-bottom: 50px !important;padding-left: 25px !important;}&#8220;]<\/p>\n<h4>INDUSTRIEBAU<\/h4>\n<p><strong>Das Angebot im Bereich des Industriebaus wird an die Unternehmen mit dem Bedarf an die Produktions- und Industriehallen , die Lager, B\u00fcros sowie andere Objekte jeglichen Typs gerichtet , die f\u00fcr ihr ordnungsgem\u00e4\u00dfes Funktionieren unentbehrlich sind.<\/strong><\/p>\n<p>Ein Bereich der von uns angebotenen Dienstleistungen umfasst den Bau sowie die Modernisierung von Produktionshallen sowie Industriehallen mit Bestimmung f\u00fcr die Lager, K\u00fchlh\u00e4user oder Einfrierh\u00e4user. Wir wirken auf komplexe Art und Weise \u2013 vom Projekt bis zur Bauausf\u00fchrung. In unserem Portfolio befinden sich viele Ausf\u00fchrungen aus dem Bereich Industriebau. Eine von ihnen war der Hallenbau f\u00fcr die Druckerei Chroma in \u017bary, dessen Einzelheiten als Investition auf der Unterseite Realisierungen zu finden sind. Wir verstehen den Geist der Modernit\u00e4t und des Unternehmertums , deshalb sorgen wir daf\u00fcr, dass jede Arbeit gem\u00e4\u00df dem angenommenen Konzept und dem Baurecht ausgef\u00fchrt wird. Unseren Partnern garantieren wir eine gute Zusammenarbeit, Redlichkeit sowie exzellente Fachkompetenz .<\/p>\n<p>Um die h\u00f6chste Arbeitsqualit\u00e4t sowie die partnerschaftliche Zusammenarbeit zu best\u00e4tigen, ermuntern wir Sie, sich mit den von uns erhaltenen Referenzen und Zertifikaten im Bereich des Industriebaus vertraut zu machen.<\/p>\n<p>Wir sind auch f\u00fcr jegliche Fragen offen, wir werden auch gern ein individuelles Angebot vorbereiten, deshalb ermuntern wir Sie zu einem Kontakt.[\/vc_column_text][\/vc_column][vc_column width=&#8220;1\/3&#8243; css=&#8220;.vc_custom_1449250089690{padding-top: 0px !important;padding-right: 0px !important;padding-bottom: 0px !important;padding-left: 0px !important;}&#8220;]<div class=\"dfd-carousel-wrapper\"><div id=\"ult-carousel-141515673869e759ac288da\" class=\"ult-carousel-wrapper ult_horizontal   dfd-keep-arrows\"><div class=\"ult-carousel-144003606669e759ac288c8 \">[vc_single_image image=&#8220;1081&#8243; img_size=&#8220;full&#8220; onclick=&#8220;custom_link&#8220; link=&#8220;\/nasze-realizacje\/budownictwo-przemyslowe\/&#8220;][vc_single_image image=&#8220;899&#8243; img_size=&#8220;full&#8220; onclick=&#8220;custom_link&#8220; link=&#8220;\/nasze-realizacje\/budownictwo-przemyslowe\/&#8220;][vc_single_image image=&#8220;897&#8243; img_size=&#8220;full&#8220; onclick=&#8220;custom_link&#8220; link=&#8220;\/nasze-realizacje\/budownictwo-przemyslowe\/&#8220;][vc_single_image image=&#8220;898&#8243; img_size=&#8220;full&#8220; onclick=&#8220;custom_link&#8220; link=&#8220;\/nasze-realizacje\/budownictwo-przemyslowe\/&#8220;]<\/div><\/div>\t\t\t<script type=\"text\/javascript\">\r\n\t\t\t\t(function($) {\r\n\t\t\t\t\t\"use strict\";\r\n\t\t\t\t\tvar $carousel = $('.ult-carousel-144003606669e759ac288c8');\r\n\t\t\t\t\t$(document).ready(function() {\r\n\t\t\t\t\t\t\t\t\t\t\t\t$carousel.slick({dots: false,autoplay: true,autoplaySpeed: 5000,speed: 300,infinite: true,arrows: true,nextArrow: '<span style=\"color:#ffffff; font-size:21px;background:#ff0000;\" class=\"slick-next square-bg\"><span class=\"count\"><\/span><i class=\"dfd-icon-right_1\"><\/i><\/span>',prevArrow: '<span style=\"color:#ffffff; font-size:21px;background:#ff0000;\" class=\"slick-prev square-bg\"><span class=\"count\"><\/span><i class=\"dfd-icon-left_1\"><\/i><\/span>',slidesToScroll:1,slidesToShow:1,swipe: true,draggable: true,touchMove: true,responsive: [\r\n\t\t\t\t\t\t\t{\r\n\t\t\t\t\t\t\t\tbreakpoint: 1280,\r\n\t\t\t\t\t\t\t\tsettings: {\r\n\t\t\t\t\t\t\t\t\tslidesToShow: 1,\r\n\t\t\t\t\t\t\t\t\tslidesToScroll: 1,\r\n\t\t\t\t\t\t\t\t\t\r\n\t\t\t\t\t\t\t\t\t\r\n\t\t\t\t\t\t\t\t}\r\n\t\t\t\t\t\t\t},\r\n\t\t\t\t\t\t\t{\r\n\t\t\t\t\t\t\t\tbreakpoint: 1025,\r\n\t\t\t\t\t\t\t\tsettings: {\r\n\t\t\t\t\t\t\t\t\tslidesToShow: 1,\r\n\t\t\t\t\t\t\t\t\tslidesToScroll: 1\r\n\t\t\t\t\t\t\t\t}\r\n\t\t\t\t\t\t\t},\r\n\t\t\t\t\t\t\t{\r\n\t\t\t\t\t\t\t\tbreakpoint: 480,\r\n\t\t\t\t\t\t\t\tsettings: {\r\n\t\t\t\t\t\t\t\t\tslidesToShow: 1,\r\n\t\t\t\t\t\t\t\t\tslidesToScroll: 1\r\n\t\t\t\t\t\t\t\t}\r\n\t\t\t\t\t\t\t}\r\n\t\t\t\t\t\t],pauseOnHover: true,\r\n\t\t\t\t\t\tpauseOnDotsHover: true,});\r\n\t\t\t\t\t});\r\n\t\t\t\t})(jQuery);\r\n\t\t\t<\/script>\r\n            <\/div>[\/vc_column][\/vc_row][vc_row][vc_column width=&#8220;1\/3&#8243; css=&#8220;.vc_custom_1449250479376{padding-top: 0px !important;padding-right: 0px !important;padding-bottom: 0px !important;padding-left: 0px !important;background-color: #ff0000 !important;}&#8220;]<div id=\"highlight-box-wrap-1604\"  data-ultimate-target='#highlight-box-wrap-1604'  data-responsive-json-new='{\"font-size\":\"desktop:32px;\",\"line-height\":\"\"}'  class=\"ultimate-call-to-action ult-adjust-bottom-margin  ctaction-text-center ult-responsive\" style=\"font-family:Titillium Web;font-weight:normal;color:#ffffff;background:#ff0000;padding-top:58px;padding-bottom:57px;\"  data-background=\"#ff0000\"  data-background-hover=\"#ff0000\"  data-override=\"0\" ><div class=\"uvc-ctaction-data uvc-ctaction-data-no-effect ult-responsive\"><\/p>\n<p style=\"text-align: center;\"><span style=\"color: #ffffff;\">POBIERZ NASZ\u0104<\/span><br \/>\n<span style=\"color: #ffffff;\"> <strong>OFERT\u0118<\/strong><\/span><\/p>\n<p><\/div><\/div>[\/vc_column][vc_column width=&#8220;1\/3&#8243; css=&#8220;.vc_custom_1449250045256{padding-top: 0px !important;padding-right: 0px !important;padding-bottom: 0px !important;padding-left: 0px !important;background-color: #f4f4f4 !important;}&#8220;][vc_row_inner css=&#8220;.vc_custom_1451546322451{padding-top: 18px !important;padding-bottom: 15px !important;}&#8220;][vc_column_inner css=&#8220;.vc_custom_1449250240831{padding-top: 25px !important;padding-right: 25px !important;padding-bottom: 25px !important;padding-left: 25px !important;}&#8220;][vc_single_image image=&#8220;1238&#8243; img_size=&#8220;full&#8220; alignment=&#8220;center&#8220; onclick=&#8220;custom_link&#8220; link=&#8220;http:\/\/www.janbud.com.pl\/wp-content\/uploads\/2015\/12\/JANBUD_katalog.pdf&#8220;][\/vc_column_inner][\/vc_row_inner][\/vc_column][vc_column width=&#8220;1\/3&#8243;][\/vc_column][\/vc_row]<\/p>\n<\/div>","protected":false},"excerpt":{"rendered":"<p>[vc_row bg_type=&#8220;video&#8220; video_url=&#8220;\/wp-content\/uploads\/2015\/12\/Janbud_Budownictwo_Przemyslowe_1.mp4&#8243; video_opts=&#8220;loop&#8220; viewport_vdo=&#8220;viewport_play&#8220; bg_override=&#8220;full&#8220;][vc_column offset=&#8220;vc_hidden-sm vc_hidden-xs&#8220;][vc_row_inner css=&#8220;.vc_custom_1449220400672{padding-top: 200px !important;padding-bottom: 200px !important;}&#8220;][vc_column_inner][\/vc_column_inner][\/vc_row_inner][\/vc_column][\/vc_row][vc_row anchor=&#8220;oferta-budownictwo-mieszkaniowe&#8220; fadeout_row=&#8220;off&#8220; ult_hide_row=&#8220;off&#8220; css=&#8220;.vc_custom_1449302613650{margin-top: 0px !important;margin-bottom: 0px !important;}&#8220;][vc_column width=&#8220;1\/4&#8243; css=&#8220;.vc_custom_1449222363822{padding-right: 0px !important;padding-left: 0px !important;}&#8220;][vc_single_image image=&#8220;260&#8243; img_size=&#8220;full&#8220; alignment=&#8220;center&#8220;<\/p>\n","protected":false},"author":1,"featured_media":0,"parent":0,"menu_order":0,"comment_status":"closed","ping_status":"closed","template":"","meta":{"_acf_changed":false,"footnotes":""},"class_list":["post-179","page","type-page","status-publish","hentry"],"acf":[],"_links":{"self":[{"href":"http:\/\/www.janbud.com.pl\/de\/wp-json\/wp\/v2\/pages\/179","targetHints":{"allow":["GET"]}}],"collection":[{"href":"http:\/\/www.janbud.com.pl\/de\/wp-json\/wp\/v2\/pages"}],"about":[{"href":"http:\/\/www.janbud.com.pl\/de\/wp-json\/wp\/v2\/types\/page"}],"author":[{"embeddable":true,"href":"http:\/\/www.janbud.com.pl\/de\/wp-json\/wp\/v2\/users\/1"}],"replies":[{"embeddable":true,"href":"http:\/\/www.janbud.com.pl\/de\/wp-json\/wp\/v2\/comments?post=179"}],"version-history":[{"count":46,"href":"http:\/\/www.janbud.com.pl\/de\/wp-json\/wp\/v2\/pages\/179\/revisions"}],"predecessor-version":[{"id":1791,"href":"http:\/\/www.janbud.com.pl\/de\/wp-json\/wp\/v2\/pages\/179\/revisions\/1791"}],"wp:attachment":[{"href":"http:\/\/www.janbud.com.pl\/de\/wp-json\/wp\/v2\/media?parent=179"}],"curies":[{"name":"wp","href":"https:\/\/api.w.org\/{rel}","templated":true}]}}