{"id":176,"date":"2015-11-26T18:00:36","date_gmt":"2015-11-26T17:00:36","guid":{"rendered":"http:\/\/www.janbud.com.pl\/?page_id=176"},"modified":"2021-01-07T14:37:52","modified_gmt":"2021-01-07T13:37:52","slug":"budownictwo-mieszkaniowe","status":"publish","type":"page","link":"http:\/\/www.janbud.com.pl\/de\/budownictwo-mieszkaniowe\/","title":{"rendered":"BUDOWNICTWO MIESZKANIOWE"},"content":{"rendered":"<div class=\"wpb-content-wrapper\"><p>[vc_row bg_type=&#8220;video&#8220; video_url=&#8220;\/wp-content\/uploads\/2015\/12\/Janbud_Budownictwo_Mieszkaniowe_2.mp4&#8243; video_url_2=&#8220;\/wp-content\/uploads\/2015\/12\/Janbud_Budownictwo_Mieszkaniowe_2.webm&#8220; video_opts=&#8220;loop&#8220; viewport_vdo=&#8220;viewport_play&#8220; bg_override=&#8220;full&#8220;][vc_column offset=&#8220;vc_hidden-sm vc_hidden-xs&#8220;][vc_row_inner css=&#8220;.vc_custom_1449220400672{padding-top: 200px !important;padding-bottom: 200px !important;}&#8220;][vc_column_inner]<div id=\"ultimate-heading6a02d4aa6326e\" class=\"uvc-heading dfd-delim-top   heading-config-top dfd-enable-resposive-headings\"  data-hspacer=\"no_spacer\"  data-halign=\"center\" style=\"text-align:center\"><div class=\"uvc-heading-spacer no_spacer\" style=\"\"><\/div><h3 class=\"widget-title uvc-main-heading\" style=\"font-family:'Titillium Web';font-weight:normal;font-size:36px;color:#ffffff;line-height:42px;letter-spacing:1px;\">WOHNUNGSBAU <\/h3><h4 class=\"widget-sub-title uvc-sub-heading\" style=\"font-family:'Lato';font-weight:normal;font-size:18px;color:#ffffff;line-height:36px;letter-spacing:1px;\">QUALIT\u00c4T UND \u00a0KOMFORT<\/h4><\/div><div class=\" ubtn-ctn-center \"><button type=\"button\" id=\"ubtn-3269\"  class=\"ubtn ult-adjust-bottom-margin ult-responsive ubtn-large ubtn-no-hover-bg  ulta-hang  ubtn-sep-icon ubtn-sep-icon-at-left  ubtn-center  ubtn-only-icon   tooltip-6a02d4aa6328d ubtn-tooltip top\" data-toggle=\"tooltip\" data-placement=\"top\" title=\"Poznaj nasz\u0105 ofert\u0119\" data-hover=\"\" data-border-color=\"\" data-bg=\"#e0e0e0\" data-hover-bg=\"\" data-border-hover=\"\" data-shadow-hover=\"\" data-shadow-click=\"none\" data-shadow=\"\" data-shd-shadow=\"\"  data-ultimate-target='#ubtn-3269'  data-responsive-json-new='{\"font-size\":\"\",\"line-height\":\"\"}'  style=\"font-weight:normal;border:none;background: #e0e0e0;color: #ffffff;\"><span class=\"ubtn-data ubtn-icon\"><i class=\"dfd-icon-down_2\" style=\"font-size:21px;color:#ffffff;\"><\/i><\/span><span class=\"ubtn-hover\" style=\"background-color:\"><\/span><span class=\"ubtn-data ubtn-text \" ><\/span><\/button><\/div><script>\r\n\t\t\t\t\tjQuery(function () {\r\n\t\t\t\t\t\tjQuery(\".tooltip-6a02d4aa6328d\").bsf_tooltip();\r\n\t\t\t\t\t})\r\n\t\t\t\t<\/script>[\/vc_column_inner][\/vc_row_inner][\/vc_column][\/vc_row][vc_row anchor=&#8220;oferta-budownictwo-mieszkaniowe&#8220; fadeout_row=&#8220;off&#8220; ult_hide_row=&#8220;off&#8220; css=&#8220;.vc_custom_1449302613650{margin-top: 0px !important;margin-bottom: 0px !important;}&#8220;][vc_column width=&#8220;1\/4&#8243; css=&#8220;.vc_custom_1449222363822{padding-right: 0px !important;padding-left: 0px !important;}&#8220;][vc_single_image image=&#8220;260&#8243; img_size=&#8220;full&#8220; alignment=&#8220;center&#8220; item_animation=&#8220;transition.slideLeftIn&#8220;][vc_column_text css=&#8220;.vc_custom_1450442526316{padding-top: 25px !important;padding-right: 25px !important;padding-bottom: 25px !important;padding-left: 25px !important;}&#8220;]<\/p>\n<h5>LANGJ\u00c4HRIGE ERFAHRUNG<\/h5>\n<p>Die Gruppe Janbud ist auf dem Baumarkt schon \u00fcber 23 Jahre t\u00e4tig. \u00a0W\u00e4hrend dieser Zeit hat sie viele Arbeiten sowohl \u00a0auf dem polnischen , als auch auf dem deutschen Markt realisiert, die sich durch die hohe Ausf\u00fchrungsqualit\u00e4t \u00a0sowie die komfortable Nutzung auszeichnen.[\/vc_column_text][\/vc_column][vc_column width=&#8220;1\/2&#8243; css=&#8220;.vc_custom_1449222765872{padding-top: 0px !important;padding-right: 0px !important;padding-bottom: 0px !important;padding-left: 0px !important;}&#8220;][vc_empty_space height=&#8220;33px&#8220;][vc_column_text css=&#8220;.vc_custom_1449584443112{padding-top: 25px !important;padding-right: 25px !important;padding-bottom: 25px !important;padding-left: 25px !important;}&#8220;]<\/p>\n<h5><strong>QUALIT\u00c4TSGARANTIE<\/strong><\/h5>\n<p>Die Bauarbeiten werden von uns in Anlehnung an die Baumaterialien von h\u00f6chster Qualit\u00e4t ausgef\u00fchrt, die dank ihren speziellen Eigenschaften, angepasst an die gegebene Konstruktion \u00a0erlauben, komfortabel jahrelang das Geb\u00e4ude zu nutzen.[\/vc_column_text][vc_single_image image=&#8220;299&#8243; img_size=&#8220;full&#8220; item_animation=&#8220;transition.slideDownIn&#8220;][\/vc_column][vc_column width=&#8220;1\/4&#8243; css=&#8220;.vc_custom_1449226290399{padding-top: 0px !important;padding-right: 0px !important;padding-bottom: 0px !important;padding-left: 0px !important;}&#8220;][vc_empty_space height=&#8220;88px&#8220;][vc_single_image image=&#8220;295&#8243; img_size=&#8220;full&#8220; item_animation=&#8220;transition.slideRightIn&#8220;][vc_column_text css=&#8220;.vc_custom_1450179573863{padding-top: 25px !important;padding-right: 25px !important;padding-bottom: 25px !important;padding-left: 25px !important;}&#8220;]<\/p>\n<h5>KOMFORTABLE NUTZUNG F\u00dcR JAHRE<\/h5>\n<p>Dank dem Gebrauch von bew\u00e4hrten Baumaterialien sowie dem umfangreichen Wissen und der Ausf\u00fchrungssorgfalt, \u00fcbergeben wir unsere Geb\u00e4uden zur Nutzung ohne Bef\u00fcrchtungen und mit der Garantie \u00a0einer komfortablen Nutzung durch lange Jahre.[\/vc_column_text][\/vc_column][\/vc_row][vc_row bg_type=&#8220;bg_color&#8220; bg_override=&#8220;ex-full&#8220; css=&#8220;.vc_custom_1449307603818{margin-top: 0px !important;}&#8220;][vc_column width=&#8220;2\/3&#8243; css=&#8220;.vc_custom_1449250098477{padding-top: 0px !important;padding-right: 0px !important;padding-bottom: 0px !important;padding-left: 0px !important;}&#8220;][vc_column_text css=&#8220;.vc_custom_1449585257733{padding-top: 50px !important;padding-right: 50px !important;padding-bottom: 50px !important;padding-left: 25px !important;}&#8220;]<\/p>\n<h4>WOHNUNGSBAU<\/h4>\n<p><strong>Die Gruppe Janbud versammelt sowohl die Baufirmen, als auch die Bautr\u00e4gerfirmen, deshalb sind wir imstande, die umfassenden L\u00f6sungen im Bereich des Wohnungsbaus anzubieten. Wir spezialisieren uns auf Bau der Mehrfamilienh\u00e4user Typ Wohnblocks, auch auf Bau der Mehrfamilienh\u00e4user mit eigenen Terrassen und G\u00e4rten.<\/strong><\/p>\n<p>Wir besitzen eine gro\u00dfe Erfahrung, unterst\u00fctzt mit den positiven Beurteilungen im Bereich des Baus von Wohnsiedlungen, H\u00e4usern sowie anderen Geb\u00e4uden mit Wohnungscharakter. Auf der Unterseite \u201eRealisierungen\u201d befindet sich eine Aufstellung von abgeschlossenen Arbeiten im Bereich des Wohnbaus, wo man sich mit den Objekten, die wir gebaut haben, vertraut machen kann.<\/p>\n<p>Seit vielen Jahren konzentrieren wir uns auf Errichtung der freundlichen und komfortablen Wohnobjekte, sowohl der Wohnsiedlungen, H\u00e4user, als auch anderer Objekte, die an die t\u00e4gliche Nuzung angepasst werden. In unserem Portfolio befinden sich die Ausf\u00fchrungen von Wohngeb\u00e4uden, die auf dem Gebiet Polens und Deutschlands gebaut wurden.<\/p>\n<p>Der Wohnungsbau bildet einen von den Hauptsektoren, die von uns realisiert werden, deshalb sorgen wir in jeder Etappe der ausgef\u00fchrten Arbeiten f\u00fcr jedes Detail sowie f\u00fcr Einhaltung der h\u00f6chsten Qualit\u00e4tsstandards.[\/vc_column_text][\/vc_column][vc_column width=&#8220;1\/3&#8243; css=&#8220;.vc_custom_1449250089690{padding-top: 0px !important;padding-right: 0px !important;padding-bottom: 0px !important;padding-left: 0px !important;}&#8220;]<div class=\"dfd-carousel-wrapper\"><div id=\"ult-carousel-20149264786a02d4aa632d5\" class=\"ult-carousel-wrapper ult_horizontal   dfd-keep-arrows\"><div class=\"ult-carousel-9926357286a02d4aa632c3 \">[vc_single_image image=&#8220;1150&#8243; img_size=&#8220;full&#8220; onclick=&#8220;custom_link&#8220; link=&#8220;nasze-realizacje\/budownictwo-mieszkaniowe\/&#8220;][vc_single_image image=&#8220;1139&#8243; img_size=&#8220;full&#8220; onclick=&#8220;custom_link&#8220; link=&#8220;\/nasze-realizacje\/budownictwo-mieszkaniowe\/&#8220;][vc_single_image image=&#8220;339&#8243; img_size=&#8220;full&#8220; onclick=&#8220;custom_link&#8220; link=&#8220;nasze-realizacje\/budownictwo-mieszkaniowe\/&#8220;]<\/div><\/div>\t\t\t<script type=\"text\/javascript\">\r\n\t\t\t\t(function($) {\r\n\t\t\t\t\t\"use strict\";\r\n\t\t\t\t\tvar $carousel = $('.ult-carousel-9926357286a02d4aa632c3');\r\n\t\t\t\t\t$(document).ready(function() {\r\n\t\t\t\t\t\t\t\t\t\t\t\t$carousel.slick({dots: false,autoplay: true,autoplaySpeed: 5000,speed: 300,infinite: true,arrows: true,nextArrow: '<span style=\"color:#ffffff; font-size:21px;background:#ff0000;\" class=\"slick-next square-bg\"><span class=\"count\"><\/span><i class=\"dfd-icon-right_1\"><\/i><\/span>',prevArrow: '<span style=\"color:#ffffff; font-size:21px;background:#ff0000;\" class=\"slick-prev square-bg\"><span class=\"count\"><\/span><i class=\"dfd-icon-left_1\"><\/i><\/span>',slidesToScroll:1,slidesToShow:1,swipe: true,draggable: true,touchMove: true,responsive: [\r\n\t\t\t\t\t\t\t{\r\n\t\t\t\t\t\t\t\tbreakpoint: 1280,\r\n\t\t\t\t\t\t\t\tsettings: {\r\n\t\t\t\t\t\t\t\t\tslidesToShow: 1,\r\n\t\t\t\t\t\t\t\t\tslidesToScroll: 1,\r\n\t\t\t\t\t\t\t\t\t\r\n\t\t\t\t\t\t\t\t\t\r\n\t\t\t\t\t\t\t\t}\r\n\t\t\t\t\t\t\t},\r\n\t\t\t\t\t\t\t{\r\n\t\t\t\t\t\t\t\tbreakpoint: 1025,\r\n\t\t\t\t\t\t\t\tsettings: {\r\n\t\t\t\t\t\t\t\t\tslidesToShow: 1,\r\n\t\t\t\t\t\t\t\t\tslidesToScroll: 1\r\n\t\t\t\t\t\t\t\t}\r\n\t\t\t\t\t\t\t},\r\n\t\t\t\t\t\t\t{\r\n\t\t\t\t\t\t\t\tbreakpoint: 480,\r\n\t\t\t\t\t\t\t\tsettings: {\r\n\t\t\t\t\t\t\t\t\tslidesToShow: 1,\r\n\t\t\t\t\t\t\t\t\tslidesToScroll: 1\r\n\t\t\t\t\t\t\t\t}\r\n\t\t\t\t\t\t\t}\r\n\t\t\t\t\t\t],pauseOnHover: true,\r\n\t\t\t\t\t\tpauseOnDotsHover: true,});\r\n\t\t\t\t\t});\r\n\t\t\t\t})(jQuery);\r\n\t\t\t<\/script>\r\n            <\/div>[\/vc_column][\/vc_row][vc_row][vc_column width=&#8220;1\/3&#8243; css=&#8220;.vc_custom_1449250479376{padding-top: 0px !important;padding-right: 0px !important;padding-bottom: 0px !important;padding-left: 0px !important;background-color: #ff0000 !important;}&#8220;]<div id=\"highlight-box-wrap-6371\"  data-ultimate-target='#highlight-box-wrap-6371'  data-responsive-json-new='{\"font-size\":\"desktop:32px;\",\"line-height\":\"\"}'  class=\"ultimate-call-to-action ult-adjust-bottom-margin  ctaction-text-center ult-responsive\" style=\"font-family:Titillium Web;font-weight:normal;color:#ffffff;background:#ff0000;padding-top:58px;padding-bottom:57px;\"  data-background=\"#ff0000\"  data-background-hover=\"#ff0000\"  data-override=\"0\" ><div class=\"uvc-ctaction-data uvc-ctaction-data-no-effect ult-responsive\"><\/p>\n<p style=\"text-align: center;\"><span style=\"color: #ffffff;\">LADEN SIE UNSERES<\/span><br \/>\n<span style=\"color: #ffffff;\"> <strong>ANGEBOT<\/strong><\/span><\/p>\n<p><\/div><\/div>[\/vc_column][vc_column width=&#8220;1\/3&#8243; css=&#8220;.vc_custom_1449250045256{padding-top: 0px !important;padding-right: 0px !important;padding-bottom: 0px !important;padding-left: 0px !important;background-color: #f4f4f4 !important;}&#8220;][vc_row_inner css=&#8220;.vc_custom_1451545949538{padding-top: 18px !important;padding-bottom: 15px !important;}&#8220;][vc_column_inner css=&#8220;.vc_custom_1449250240831{padding-top: 25px !important;padding-right: 25px !important;padding-bottom: 25px !important;padding-left: 25px !important;}&#8220;][vc_single_image image=&#8220;1238&#8243; img_size=&#8220;full&#8220; alignment=&#8220;center&#8220; onclick=&#8220;custom_link&#8220; link=&#8220;http:\/\/www.janbud.com.pl\/wp-content\/uploads\/2015\/12\/JANBUD_katalog.pdf&#8220;][\/vc_column_inner][\/vc_row_inner][\/vc_column][vc_column width=&#8220;1\/3&#8243;][\/vc_column][\/vc_row]<\/p>\n<\/div>","protected":false},"excerpt":{"rendered":"<p>[vc_row bg_type=&#8220;video&#8220; video_url=&#8220;\/wp-content\/uploads\/2015\/12\/Janbud_Budownictwo_Mieszkaniowe_2.mp4&#8243; video_url_2=&#8220;\/wp-content\/uploads\/2015\/12\/Janbud_Budownictwo_Mieszkaniowe_2.webm&#8220; video_opts=&#8220;loop&#8220; viewport_vdo=&#8220;viewport_play&#8220; bg_override=&#8220;full&#8220;][vc_column offset=&#8220;vc_hidden-sm vc_hidden-xs&#8220;][vc_row_inner css=&#8220;.vc_custom_1449220400672{padding-top: 200px !important;padding-bottom: 200px !important;}&#8220;][vc_column_inner][\/vc_column_inner][\/vc_row_inner][\/vc_column][\/vc_row][vc_row anchor=&#8220;oferta-budownictwo-mieszkaniowe&#8220; fadeout_row=&#8220;off&#8220; ult_hide_row=&#8220;off&#8220; css=&#8220;.vc_custom_1449302613650{margin-top: 0px !important;margin-bottom: 0px !important;}&#8220;][vc_column width=&#8220;1\/4&#8243; css=&#8220;.vc_custom_1449222363822{padding-right: 0px !important;padding-left: 0px !important;}&#8220;][vc_single_image image=&#8220;260&#8243; img_size=&#8220;full&#8220;<\/p>\n","protected":false},"author":1,"featured_media":0,"parent":0,"menu_order":0,"comment_status":"closed","ping_status":"closed","template":"","meta":{"_acf_changed":false,"footnotes":""},"class_list":["post-176","page","type-page","status-publish","hentry"],"acf":[],"_links":{"self":[{"href":"http:\/\/www.janbud.com.pl\/de\/wp-json\/wp\/v2\/pages\/176","targetHints":{"allow":["GET"]}}],"collection":[{"href":"http:\/\/www.janbud.com.pl\/de\/wp-json\/wp\/v2\/pages"}],"about":[{"href":"http:\/\/www.janbud.com.pl\/de\/wp-json\/wp\/v2\/types\/page"}],"author":[{"embeddable":true,"href":"http:\/\/www.janbud.com.pl\/de\/wp-json\/wp\/v2\/users\/1"}],"replies":[{"embeddable":true,"href":"http:\/\/www.janbud.com.pl\/de\/wp-json\/wp\/v2\/comments?post=176"}],"version-history":[{"count":132,"href":"http:\/\/www.janbud.com.pl\/de\/wp-json\/wp\/v2\/pages\/176\/revisions"}],"predecessor-version":[{"id":1790,"href":"http:\/\/www.janbud.com.pl\/de\/wp-json\/wp\/v2\/pages\/176\/revisions\/1790"}],"wp:attachment":[{"href":"http:\/\/www.janbud.com.pl\/de\/wp-json\/wp\/v2\/media?parent=176"}],"curies":[{"name":"wp","href":"https:\/\/api.w.org\/{rel}","templated":true}]}}