{"id":15,"date":"2015-11-21T20:25:31","date_gmt":"2015-11-21T19:25:31","guid":{"rendered":"http:\/\/www.janbud.com.pl\/?page_id=15"},"modified":"2022-06-24T13:10:21","modified_gmt":"2022-06-24T11:10:21","slug":"kontakt","status":"publish","type":"page","link":"http:\/\/www.janbud.com.pl\/de\/kontakt\/","title":{"rendered":"KONTAKT"},"content":{"rendered":"<div class=\"wpb-content-wrapper\"><p>[vc_row][vc_column width=&#8220;3\/4&#8243;]<div class=\"\" ><div id=\"map_6a086caa24de2\" style=\"height: 272px;\" class=\"map-holder\"><\/div><\/div>\r\n\t\t\t\t<script type=\"text\/javascript\">\r\n\t\t\t\t jQuery(document).ready(function () {\r\n\t\t\t\t\t\t jQuery(\"#map_6a086caa24de2\").bind('gmap-reload', function() {\r\n\t\t\t\t\t\t\t\t gmap3_init();\r\n\t\t\t\t\t\t\t });\r\n\r\n\t\t\t\t\t\t gmap3_init();\r\n\r\n\t\t\t\t\t\t function gmap3_init() {\r\n\t\t\t\t\t\t\t jQuery(\"#map_6a086caa24de2\").gmap3('destroy');\r\n\r\n\t\t\t\t\t\t\t jQuery(\"#map_6a086caa24de2\").gmap3({\r\n\t\t\t\t\t\t\t\t marker: {\r\n\t\t\t\t\t\t\t\t\t values: [{address: \" \u017bary, Okrzei 104, Polska\" , data:\"\u017bary, Okrzei 104, Polska\", options:{icon: \"http:\/\/www.janbud.com.pl\/wp-content\/uploads\/2015\/11\/mapmaker.png\"}}],\r\n\t\t\t\t\t\t\t\t\t events:{\r\n\t\t\t\t\t\t\t\t\t\t click: function(marker, event, context){\r\n\t\t\t\t\t\t\t\t\t\t\t var map = jQuery(this).gmap3(\"get\"),\r\n\t\t\t\t\t\t\t\t\t\t\t\t infowindow = jQuery(this).gmap3({get:{name:\"infowindow\"}});\r\n\t\t\t\t\t\t\t\t\t\t\t if (infowindow){\r\n\t\t\t\t\t\t\t\t\t\t\t\t infowindow.open(map, marker);\r\n\t\t\t\t\t\t\t\t\t\t\t\t infowindow.setContent('<div class=\"noscroll\">'+context.data+'<\/div>');\r\n\t\t\t\t\t\t\t\t\t\t\t } else {\r\n\t\t\t\t\t\t\t\t\t\t\t\t jQuery(this).gmap3({\r\n\t\t\t\t\t\t\t\t\t\t\t\t\t infowindow:{\r\n\t\t\t\t\t\t\t\t\t\t\t\t\t\t anchor:marker,\r\n\t\t\t\t\t\t\t\t\t\t\t\t\t\t options:{content: '<div class=\"noscroll\">'+context.data+'<\/div>'}\r\n\t\t\t\t\t\t\t\t\t\t\t\t\t }\r\n\t\t\t\t\t\t\t\t\t\t\t\t });\r\n\t\t\t\t\t\t\t\t\t\t\t }\r\n\t\t\t\t\t\t\t\t\t\t }\r\n\t\t\t\t\t\t\t\t\t }\r\n\t\t\t\t\t\t\t\t },\r\n\t\t\t\t\t\t\tmap: {\r\n\t\t\t\t\t\t\t\t options: {\r\n\t\t\t\t\t\t\t\t\tzoom: 13,\r\n\t\t\t\t\t\t\t\t\tnavigationControl: false,styles:[{'featureType':'all','stylers':[{'saturation':-100},{'gamma':0.5}]}],scrollwheel: false,\r\n\t\t\t\t\t\t\t\t\tstreetViewControl: false,\r\n\t\t\t\t\t\t\t\t\tmapTypeControl: false\r\n\t\t\t\t\t\t\t\t}\r\n\t\t\t\t\t\t\t }\r\n\t\t\t\t\t\t});\r\n\t\t\t\t\t}\r\n\t\t\t\t\t });\r\n            <\/script>[\/vc_column][vc_column width=&#8220;1\/4&#8243; css=&#8220;.vc_custom_1448439608687{padding-top: 25px !important;padding-right: 25px !important;padding-bottom: 25px !important;padding-left: 25px !important;background-color: #ff0000 !important;}&#8220; el_class=&#8220;text-box&#8220;][vc_column_text]<span style=\"color: #ffffff;\"><strong>BAUUNTERNEHMEN JANBUD GMBH<\/strong><\/span><br \/>\n<span style=\"color: #ffffff;\"> 68-200 \u017bARY<\/span> <span style=\"color: #ffffff;\">OKRZEI STRASSE 104<\/span><\/p>\n<p><span style=\"color: #ffffff;\">Ust-IdNr. 928-17-10-197<\/span><br \/>\n<span style=\"color: #ffffff;\"> statistische Nummer REGON 970710644<\/span><br \/>\n<span style=\"color: #ffffff;\"> KRS NR. 0000062957 AMTSGERICHT IN ZIELONA G\u00d3RA<\/span><br \/>\n<span style=\"color: #ffffff;\"> STAMMKAPITAL DER GESELLSCHAFT 1 000,000,00 PLN<\/span><br \/>\n<span style=\"color: #ffffff;\"> Bank PEKAO S.A. nr: 20 1240 6843 1111 0010 3624 5498<\/span>[\/vc_column_text][\/vc_column][\/vc_row][vc_row css=&#8220;.vc_custom_1448442840790{margin-top: 25px !important;}&#8220;][vc_column width=&#8220;3\/4&#8243;]\n<div class=\"wpcf7 no-js\" id=\"wpcf7-f158-o2\" lang=\"pl-PL\" dir=\"ltr\" data-wpcf7-id=\"158\">\n<div class=\"screen-reader-response\"><p role=\"status\" aria-live=\"polite\" aria-atomic=\"true\"><\/p> <ul><\/ul><\/div>\n<form action=\"\/de\/wp-json\/wp\/v2\/pages\/15#wpcf7-f158-o2\" method=\"post\" class=\"wpcf7-form init\" aria-label=\"Formularz kontaktowy\" novalidate=\"novalidate\" data-status=\"init\">\n<fieldset class=\"hidden-fields-container\"><input type=\"hidden\" name=\"_wpcf7\" value=\"158\" \/><input type=\"hidden\" name=\"_wpcf7_version\" value=\"6.1.6\" \/><input type=\"hidden\" name=\"_wpcf7_locale\" value=\"pl_PL\" \/><input type=\"hidden\" name=\"_wpcf7_unit_tag\" value=\"wpcf7-f158-o2\" \/><input type=\"hidden\" name=\"_wpcf7_container_post\" value=\"0\" \/><input type=\"hidden\" name=\"_wpcf7_posted_data_hash\" value=\"\" \/>\n<\/fieldset>\n<div class=\"dfd-contact-from-style-4\">\n\t<p class=\"dfd-half-size dfd-border-bottom dfd-border-right\"><span class=\"wpcf7-form-control-wrap\" data-name=\"text-236\"><input size=\"40\" maxlength=\"400\" class=\"wpcf7-form-control wpcf7-text wpcf7-validates-as-required\" aria-required=\"true\" aria-invalid=\"false\" placeholder=\"Imi\u0119 i Nazwisko\" value=\"\" type=\"text\" name=\"text-236\" \/><\/span>\n\t<\/p>\n\t<p class=\"dfd-half-size dfd-border-bottom dfd-border-right\"><span class=\"wpcf7-form-control-wrap\" data-name=\"text-519\"><input size=\"40\" maxlength=\"400\" class=\"wpcf7-form-control wpcf7-text\" aria-invalid=\"false\" placeholder=\"Nazwa firmy\" value=\"\" type=\"text\" name=\"text-519\" \/><\/span>\n\t<\/p>\n\t<p class=\"dfd-half-size dfd-border-bottom dfd-border-right\"><span class=\"wpcf7-form-control-wrap\" data-name=\"email-189\"><input size=\"40\" maxlength=\"400\" class=\"wpcf7-form-control wpcf7-email wpcf7-validates-as-required wpcf7-text wpcf7-validates-as-email\" aria-required=\"true\" aria-invalid=\"false\" placeholder=\"Email\" value=\"\" type=\"email\" name=\"email-189\" \/><\/span>\n\t<\/p>\n\t<p class=\"dfd-half-size dfd-border-bottom dfd-border-right\"><span class=\"wpcf7-form-control-wrap\" data-name=\"tel-589\"><input size=\"40\" maxlength=\"400\" class=\"wpcf7-form-control wpcf7-tel wpcf7-text wpcf7-validates-as-tel\" aria-invalid=\"false\" placeholder=\"Telefon Kontaktowy\" value=\"\" type=\"tel\" name=\"tel-589\" \/><\/span>\n\t<\/p>\n\t<p class=\"clear\">\n\t<\/p>\n\t<p class=\"dfd-border-bottom\"><span class=\"wpcf7-form-control-wrap\" data-name=\"text-673\"><input size=\"40\" maxlength=\"400\" class=\"wpcf7-form-control wpcf7-text\" aria-invalid=\"false\" placeholder=\"Temat zapytania\" value=\"\" type=\"text\" name=\"text-673\" \/><\/span>\n\t<\/p>\n\t<p class=\"dfd-border-bottom\"><span class=\"wpcf7-form-control-wrap\" data-name=\"textarea-511\"><textarea cols=\"40\" rows=\"10\" maxlength=\"2000\" class=\"wpcf7-form-control wpcf7-textarea\" aria-invalid=\"false\" placeholder=\"Wiadomo\u015b\u0107\" name=\"textarea-511\"><\/textarea><\/span>\n\t<\/p>\n\t<p class=\"dfd-border-bottom\" style=\"font-size: 10px;\"><span class=\"wpcf7-form-control-wrap\" data-name=\"acceptance-921\"><span class=\"wpcf7-form-control wpcf7-acceptance\"><span class=\"wpcf7-list-item\"><input type=\"checkbox\" name=\"acceptance-921\" value=\"1\" aria-invalid=\"false\" \/><\/span><\/span><\/span>Wyra\u017cam zgod\u0119 na przetwarzanie moich danych osobowych przez przez Przedsi\u0119biorstwo Budowlane JANBUD sp. z o.o. z siedzib\u0105 w z siedzib\u0105 w 68-200 \u017bary, ul. Okrzei 104 w celu skontaktowania si\u0119 i przedstawienia oferty. Zosta\u0142em poinformowany \/ zosta\u0142am poinformowana o dobrowolno\u015bci wyra\u017conej zgody i mo\u017cliwo\u015bci odwo\u0142ania jej w ka\u017cdym czasie oraz zapozna\u0142em\/zapozna\u0142am si\u0119 z informacjami dotycz\u0105cymi przys\u0142uguj\u0105cych mi praw w zwi\u0105zku z przetwarzaniem moich danych osobowych. <a href=\"http:\/\/www.janbud.com.pl\/polityka-prywatnosci\/\">Polityka prywatno\u015bci<\/a>.\n\t<\/p>\n\t<p><input class=\"wpcf7-form-control wpcf7-submit has-spinner\" type=\"submit\" value=\"WY\u015aLIJ ZAPYTANIE\" \/>\n\t<\/p>\n<\/div><div class=\"inv-recaptcha-holder\"><\/div><div class=\"wpcf7-response-output\" aria-hidden=\"true\"><\/div>\n<\/form>\n<\/div>\n[\/vc_column][vc_column width=&#8220;1\/4&#8243; css=&#8220;.vc_custom_1448445677162{padding-top: 25px !important;padding-right: 25px !important;padding-bottom: 25px !important;padding-left: 25px !important;}&#8220;][vc_column_text]<strong>Zentrale:<\/strong><strong><br \/>\n<\/strong>Tel. 68 470-52-20<br \/>\nFax. 68 374-46-75<br \/>\nMobiltelefon\u00a0607-108-527<\/p>\n<p><strong>Transport:<\/strong><br \/>\nTel. 68 470-52-22<\/p>\n<p><strong>Vorbereitung der Produktion:<\/strong><br \/>\nTel.\/Fax 68 470-52-26<\/p>\n<p><strong>Kontaktieren Sie uns unter:<br \/>\n<\/strong>janbud@janbud.com.pl[\/vc_column_text][\/vc_column][\/vc_row]<\/p>\n<\/div>","protected":false},"excerpt":{"rendered":"<p>[vc_row][vc_column width=&#8220;3\/4&#8243;][\/vc_column][vc_column width=&#8220;1\/4&#8243; css=&#8220;.vc_custom_1448439608687{padding-top: 25px !important;padding-right: 25px !important;padding-bottom: 25px !important;padding-left: 25px !important;background-color: #ff0000 !important;}&#8220; el_class=&#8220;text-box&#8220;][vc_column_text]BAUUNTERNEHMEN JANBUD GMBH 68-200 \u017bARY OKRZEI STRASSE 104 Ust-IdNr. 928-17-10-197 statistische Nummer REGON 970710644 KRS NR.<\/p>\n","protected":false},"author":6,"featured_media":0,"parent":0,"menu_order":0,"comment_status":"closed","ping_status":"closed","template":"","meta":{"_acf_changed":false,"footnotes":""},"class_list":["post-15","page","type-page","status-publish","hentry"],"acf":[],"_links":{"self":[{"href":"http:\/\/www.janbud.com.pl\/de\/wp-json\/wp\/v2\/pages\/15","targetHints":{"allow":["GET"]}}],"collection":[{"href":"http:\/\/www.janbud.com.pl\/de\/wp-json\/wp\/v2\/pages"}],"about":[{"href":"http:\/\/www.janbud.com.pl\/de\/wp-json\/wp\/v2\/types\/page"}],"author":[{"embeddable":true,"href":"http:\/\/www.janbud.com.pl\/de\/wp-json\/wp\/v2\/users\/6"}],"replies":[{"embeddable":true,"href":"http:\/\/www.janbud.com.pl\/de\/wp-json\/wp\/v2\/comments?post=15"}],"version-history":[{"count":43,"href":"http:\/\/www.janbud.com.pl\/de\/wp-json\/wp\/v2\/pages\/15\/revisions"}],"predecessor-version":[{"id":1891,"href":"http:\/\/www.janbud.com.pl\/de\/wp-json\/wp\/v2\/pages\/15\/revisions\/1891"}],"wp:attachment":[{"href":"http:\/\/www.janbud.com.pl\/de\/wp-json\/wp\/v2\/media?parent=15"}],"curies":[{"name":"wp","href":"https:\/\/api.w.org\/{rel}","templated":true}]}}